{"id":39,"date":"2021-03-31T17:30:21","date_gmt":"2021-03-31T17:30:21","guid":{"rendered":"http:\/\/www.manualidadesbadabadocart.es\/blog\/?page_id=39"},"modified":"2024-07-13T13:54:15","modified_gmt":"2024-07-13T11:54:15","slug":"sobre-nosotros-badabadoc-art-blog","status":"publish","type":"page","link":"https:\/\/www.manualidadesbadabadocart.es\/blog\/sobre-nosotros-badabadoc-art-blog\/","title":{"rendered":"Sobre Nosotros"},"content":{"rendered":"\n<h2 class=\"wp-block-heading\">\u00bfQui\u00e9n est\u00e1 detr\u00e1s de Badabadoc Art? <\/h2>\n\n\n\n<p>\u00a1Hola! somos N\u00faria y Javi, propietarios de Badabadoc Art, tu tienda de manualidades y scrapbooking.<\/p>\n\n\n\n<p>Os queremos dar la bienvenida al mundo de Badabadoc Art, un mundo lleno de creatividad y de ilusi\u00f3n.<\/p>\n\n\n\n<p>Badabadoc Art es ante todo una empresa familiar y cercana, que nace en 2019 en Sabadell (Barcelona).<\/p>\n\n\n\n<p>Somos amantes del handmade, diy, la artesan\u00eda, el bricolaje, la decoraci\u00f3n, el&nbsp;scrapbooking&nbsp;y todo aquello que nos permita crear objetos o espacios \u00fanicos y personalizados.<\/p>\n\n\n\n<p>Nos encanta regalar y crear cosas con nuestras manos. Somos muy imaginativos. Por eso, las&nbsp;manualidades&nbsp;y las t\u00e9cnicas de scrapbooking han pasado de ser para nosotros un hobby a ser un sue\u00f1o hecho realidad.<\/p>\n\n\n\n<p>Nuestra ilusi\u00f3n es que a todos los que os gusta crear cosas bonitas, os sint\u00e1is artistas. Queremos ayudaros a descubrir el valor y la satisfacci\u00f3n que produce el poder ver plasmados tus sentimientos, ideas y sue\u00f1os en un \u00e1lbum, un lienzo, una caja, o cualquier otro tipo de soporte.<\/p>\n\n\n\n<h2 class=\"wp-block-heading\">\u00bfQu\u00e9 puedo encontrar en Badabadoc Art?<\/h2>\n\n\n\n<p>En nuestra <a href=\"https:\/\/www.manualidadesbadabadocart.es\/\" target=\"_blank\" rel=\"noreferrer noopener\">tienda online<\/a> de manualidades, encontrar\u00e1s un ampl\u00edsimo abanico de productos para realizar tus creaciones de manualidades, scrapbooking, mixed media, y DIY decoraci\u00f3n. Con los que podr\u00e1s pasar un rato divertido creando un proyecto de scrapbook o dejando volar tu imaginaci\u00f3n. <\/p>\n\n\n\n<p>Adem\u00e1s, tenemos una secci\u00f3n de papeler\u00eda bonita con un mont\u00f3n de cositas cuquis para ti, como bullet journal, tazas, libretas, carpetas&#8230;.<\/p>\n\n\n\n<p>Y si no eres muy manitas, pero te gusta hacer regalos \u00fanicos y personalizados, nos puedes hacer un encargo y nosotros crearemos para ti lo que necesites. <\/p>\n\n\n\n<p>En nuestra tienda online de manualidades, tenemos la secci\u00f3n de <a href=\"https:\/\/www.manualidadesbadabadocart.es\/artesania\/\">artesan\u00eda<\/a> donde podr\u00e1s ver algunos ejemplos, desde cajas decoradas hasta cuadros y decoraciones de Navidad hechos a mano por nosotros.<\/p>\n\n\n\n<h2 class=\"wp-block-heading\">Disponemos de tienda de manualidades en Sabadell (Barcelona)<\/h2>\n\n\n\n<p>En nuestra tienda f\u00edsica de Sabadell (Barcelona) realizamos monogr\u00e1ficos y talleres. Una manera pr\u00e1ctica de compartir nuestros conocimientos. <\/p>\n\n\n\n<p>A la vez, tambi\u00e9n interactuamos con todos vosotros, alumnos, amigos y clientes. Estos momentos compartidos nos ayudan mucho en nuestra tienda online, ya que &nbsp;a trav\u00e9s de ella &nbsp;podemos explicar y aconsejar con fiabilidad sobre las cualidades y posibilidades de todos nuestros productos y soportes.<\/p>\n\n\n\n<p>Nuestra tienda, tiene detr\u00e1s un equipo de profesionales que intentar\u00e1 estar, en todo momento, pendientes de vosotros para resolver cualquier duda o cualquier tipo de problema que teng\u00e1is.<\/p>\n\n\n\n<p>Gracias por ser parte de Badabadoc Art.<\/p>\n\n\n\n<p>Atentamente,<\/p>\n\n\n\n<p>N\u00faria y Javi.<\/p>\n","protected":false},"excerpt":{"rendered":"<p>\u00bfQui\u00e9n est\u00e1 detr\u00e1s de Badabadoc Art? \u00a1Hola! somos N\u00faria y Javi, propietarios de Badabadoc Art, tu tienda de manualidades y scrapbooking. Os queremos dar la &hellip; <\/p>\n","protected":false},"author":1,"featured_media":45,"parent":0,"menu_order":0,"comment_status":"closed","ping_status":"closed","template":"","meta":{"footnotes":""},"class_list":["post-39","page","type-page","status-publish","has-post-thumbnail","hentry","latest_post"],"yoast_head":"<!-- This site is optimized with the Yoast SEO plugin v27.5 - https:\/\/yoast.com\/product\/yoast-seo-wordpress\/ -->\n<title>Sobre Nosotros - Badabadoc Art Blog | Creatividad en Sabadell<\/title>\n<meta name=\"description\" content=\"Conoce al equipo de Badabadoc Art. Descubre nuestra pasi\u00f3n por el handmade, DIY y scrapbooking. \u00a1\u00danete a nuestra comunidad creativa!\" \/>\n<meta name=\"robots\" content=\"noindex, follow\" \/>\n<meta property=\"og:locale\" content=\"es_ES\" \/>\n<meta property=\"og:type\" content=\"article\" \/>\n<meta property=\"og:title\" content=\"Sobre Nosotros - Badabadoc Art Blog | Creatividad en Sabadell\" \/>\n<meta property=\"og:description\" content=\"Conoce al equipo de Badabadoc Art. Descubre nuestra pasi\u00f3n por el handmade, DIY y scrapbooking. \u00a1\u00danete a nuestra comunidad creativa!\" \/>\n<meta property=\"og:url\" content=\"https:\/\/www.manualidadesbadabadocart.es\/blog\/sobre-nosotros-badabadoc-art-blog\/\" \/>\n<meta property=\"og:site_name\" content=\"Badabadoc Art Blog\" \/>\n<meta property=\"article:publisher\" content=\"https:\/\/www.facebook.com\/BadabadocArt\" \/>\n<meta property=\"article:modified_time\" content=\"2024-07-13T11:54:15+00:00\" \/>\n<meta property=\"og:image\" content=\"https:\/\/www.manualidadesbadabadocart.es\/blog\/wp-content\/uploads\/2021\/03\/cropped-logo-Badabadoc-Art-Oficial-MARCA-1.jpg\" \/>\n\t<meta property=\"og:image:width\" content=\"512\" \/>\n\t<meta property=\"og:image:height\" content=\"494\" \/>\n\t<meta property=\"og:image:type\" content=\"image\/jpeg\" \/>\n<meta name=\"twitter:card\" content=\"summary_large_image\" \/>\n<meta name=\"twitter:site\" content=\"@badabadocart\" \/>\n<meta name=\"twitter:label1\" content=\"Tiempo de lectura\" \/>\n\t<meta name=\"twitter:data1\" content=\"3 minutos\" \/>\n<script type=\"application\/ld+json\" class=\"yoast-schema-graph\">{\"@context\":\"https:\\\/\\\/schema.org\",\"@graph\":[{\"@type\":\"WebPage\",\"@id\":\"https:\\\/\\\/www.manualidadesbadabadocart.es\\\/blog\\\/sobre-nosotros-badabadoc-art-blog\\\/\",\"url\":\"https:\\\/\\\/www.manualidadesbadabadocart.es\\\/blog\\\/sobre-nosotros-badabadoc-art-blog\\\/\",\"name\":\"Sobre Nosotros - Badabadoc Art Blog | Creatividad en Sabadell\",\"isPartOf\":{\"@id\":\"https:\\\/\\\/www.manualidadesbadabadocart.es\\\/blog\\\/#website\"},\"primaryImageOfPage\":{\"@id\":\"https:\\\/\\\/www.manualidadesbadabadocart.es\\\/blog\\\/sobre-nosotros-badabadoc-art-blog\\\/#primaryimage\"},\"image\":{\"@id\":\"https:\\\/\\\/www.manualidadesbadabadocart.es\\\/blog\\\/sobre-nosotros-badabadoc-art-blog\\\/#primaryimage\"},\"thumbnailUrl\":\"https:\\\/\\\/www.manualidadesbadabadocart.es\\\/blog\\\/wp-content\\\/uploads\\\/2021\\\/03\\\/cropped-logo-Badabadoc-Art-Oficial-MARCA-1.jpg\",\"datePublished\":\"2021-03-31T17:30:21+00:00\",\"dateModified\":\"2024-07-13T11:54:15+00:00\",\"description\":\"Conoce al equipo de Badabadoc Art. Descubre nuestra pasi\u00f3n por el handmade, DIY y scrapbooking. \u00a1\u00danete a nuestra comunidad creativa!\",\"breadcrumb\":{\"@id\":\"https:\\\/\\\/www.manualidadesbadabadocart.es\\\/blog\\\/sobre-nosotros-badabadoc-art-blog\\\/#breadcrumb\"},\"inLanguage\":\"es\",\"potentialAction\":[{\"@type\":\"ReadAction\",\"target\":[\"https:\\\/\\\/www.manualidadesbadabadocart.es\\\/blog\\\/sobre-nosotros-badabadoc-art-blog\\\/\"]}]},{\"@type\":\"ImageObject\",\"inLanguage\":\"es\",\"@id\":\"https:\\\/\\\/www.manualidadesbadabadocart.es\\\/blog\\\/sobre-nosotros-badabadoc-art-blog\\\/#primaryimage\",\"url\":\"https:\\\/\\\/www.manualidadesbadabadocart.es\\\/blog\\\/wp-content\\\/uploads\\\/2021\\\/03\\\/cropped-logo-Badabadoc-Art-Oficial-MARCA-1.jpg\",\"contentUrl\":\"https:\\\/\\\/www.manualidadesbadabadocart.es\\\/blog\\\/wp-content\\\/uploads\\\/2021\\\/03\\\/cropped-logo-Badabadoc-Art-Oficial-MARCA-1.jpg\",\"width\":512,\"height\":494,\"caption\":\"Logo Badabadoc Art marca\"},{\"@type\":\"BreadcrumbList\",\"@id\":\"https:\\\/\\\/www.manualidadesbadabadocart.es\\\/blog\\\/sobre-nosotros-badabadoc-art-blog\\\/#breadcrumb\",\"itemListElement\":[{\"@type\":\"ListItem\",\"position\":1,\"name\":\"Portada\",\"item\":\"https:\\\/\\\/www.manualidadesbadabadocart.es\\\/blog\\\/\"},{\"@type\":\"ListItem\",\"position\":2,\"name\":\"Sobre Nosotros\"}]},{\"@type\":\"WebSite\",\"@id\":\"https:\\\/\\\/www.manualidadesbadabadocart.es\\\/blog\\\/#website\",\"url\":\"https:\\\/\\\/www.manualidadesbadabadocart.es\\\/blog\\\/\",\"name\":\"Badabadoc Art Blog\",\"description\":\"Manualidades y scrapbooking\",\"publisher\":{\"@id\":\"https:\\\/\\\/www.manualidadesbadabadocart.es\\\/blog\\\/#organization\"},\"potentialAction\":[{\"@type\":\"SearchAction\",\"target\":{\"@type\":\"EntryPoint\",\"urlTemplate\":\"https:\\\/\\\/www.manualidadesbadabadocart.es\\\/blog\\\/?s={search_term_string}\"},\"query-input\":{\"@type\":\"PropertyValueSpecification\",\"valueRequired\":true,\"valueName\":\"search_term_string\"}}],\"inLanguage\":\"es\"},{\"@type\":\"Organization\",\"@id\":\"https:\\\/\\\/www.manualidadesbadabadocart.es\\\/blog\\\/#organization\",\"name\":\"Badabadoc Art Blog\",\"url\":\"https:\\\/\\\/www.manualidadesbadabadocart.es\\\/blog\\\/\",\"logo\":{\"@type\":\"ImageObject\",\"inLanguage\":\"es\",\"@id\":\"https:\\\/\\\/www.manualidadesbadabadocart.es\\\/blog\\\/#\\\/schema\\\/logo\\\/image\\\/\",\"url\":\"https:\\\/\\\/www.manualidadesbadabadocart.es\\\/blog\\\/wp-content\\\/uploads\\\/2021\\\/03\\\/cropped-cropped-logo-Badabadoc-Art-Oficial-MARCA.jpg\",\"contentUrl\":\"https:\\\/\\\/www.manualidadesbadabadocart.es\\\/blog\\\/wp-content\\\/uploads\\\/2021\\\/03\\\/cropped-cropped-logo-Badabadoc-Art-Oficial-MARCA.jpg\",\"width\":512,\"height\":397,\"caption\":\"Badabadoc Art Blog\"},\"image\":{\"@id\":\"https:\\\/\\\/www.manualidadesbadabadocart.es\\\/blog\\\/#\\\/schema\\\/logo\\\/image\\\/\"},\"sameAs\":[\"https:\\\/\\\/www.facebook.com\\\/BadabadocArt\",\"https:\\\/\\\/x.com\\\/badabadocart\",\"https:\\\/\\\/www.instagram.com\\\/badabadocart\",\"https:\\\/\\\/www.pinterest.es\\\/BadabadocArt\",\"https:\\\/\\\/www.youtube.com\\\/channel\\\/UCgNX4oZLuPqjKs8xigWYdTQ\"]}]}<\/script>\n<!-- \/ Yoast SEO plugin. -->","yoast_head_json":{"title":"Sobre Nosotros - Badabadoc Art Blog | Creatividad en Sabadell","description":"Conoce al equipo de Badabadoc Art. Descubre nuestra pasi\u00f3n por el handmade, DIY y scrapbooking. \u00a1\u00danete a nuestra comunidad creativa!","robots":{"index":"noindex","follow":"follow"},"og_locale":"es_ES","og_type":"article","og_title":"Sobre Nosotros - Badabadoc Art Blog | Creatividad en Sabadell","og_description":"Conoce al equipo de Badabadoc Art. Descubre nuestra pasi\u00f3n por el handmade, DIY y scrapbooking. \u00a1\u00danete a nuestra comunidad creativa!","og_url":"https:\/\/www.manualidadesbadabadocart.es\/blog\/sobre-nosotros-badabadoc-art-blog\/","og_site_name":"Badabadoc Art Blog","article_publisher":"https:\/\/www.facebook.com\/BadabadocArt","article_modified_time":"2024-07-13T11:54:15+00:00","og_image":[{"width":512,"height":494,"url":"https:\/\/www.manualidadesbadabadocart.es\/blog\/wp-content\/uploads\/2021\/03\/cropped-logo-Badabadoc-Art-Oficial-MARCA-1.jpg","type":"image\/jpeg"}],"twitter_card":"summary_large_image","twitter_site":"@badabadocart","twitter_misc":{"Tiempo de lectura":"3 minutos"},"schema":{"@context":"https:\/\/schema.org","@graph":[{"@type":"WebPage","@id":"https:\/\/www.manualidadesbadabadocart.es\/blog\/sobre-nosotros-badabadoc-art-blog\/","url":"https:\/\/www.manualidadesbadabadocart.es\/blog\/sobre-nosotros-badabadoc-art-blog\/","name":"Sobre Nosotros - Badabadoc Art Blog | Creatividad en Sabadell","isPartOf":{"@id":"https:\/\/www.manualidadesbadabadocart.es\/blog\/#website"},"primaryImageOfPage":{"@id":"https:\/\/www.manualidadesbadabadocart.es\/blog\/sobre-nosotros-badabadoc-art-blog\/#primaryimage"},"image":{"@id":"https:\/\/www.manualidadesbadabadocart.es\/blog\/sobre-nosotros-badabadoc-art-blog\/#primaryimage"},"thumbnailUrl":"https:\/\/www.manualidadesbadabadocart.es\/blog\/wp-content\/uploads\/2021\/03\/cropped-logo-Badabadoc-Art-Oficial-MARCA-1.jpg","datePublished":"2021-03-31T17:30:21+00:00","dateModified":"2024-07-13T11:54:15+00:00","description":"Conoce al equipo de Badabadoc Art. Descubre nuestra pasi\u00f3n por el handmade, DIY y scrapbooking. \u00a1\u00danete a nuestra comunidad creativa!","breadcrumb":{"@id":"https:\/\/www.manualidadesbadabadocart.es\/blog\/sobre-nosotros-badabadoc-art-blog\/#breadcrumb"},"inLanguage":"es","potentialAction":[{"@type":"ReadAction","target":["https:\/\/www.manualidadesbadabadocart.es\/blog\/sobre-nosotros-badabadoc-art-blog\/"]}]},{"@type":"ImageObject","inLanguage":"es","@id":"https:\/\/www.manualidadesbadabadocart.es\/blog\/sobre-nosotros-badabadoc-art-blog\/#primaryimage","url":"https:\/\/www.manualidadesbadabadocart.es\/blog\/wp-content\/uploads\/2021\/03\/cropped-logo-Badabadoc-Art-Oficial-MARCA-1.jpg","contentUrl":"https:\/\/www.manualidadesbadabadocart.es\/blog\/wp-content\/uploads\/2021\/03\/cropped-logo-Badabadoc-Art-Oficial-MARCA-1.jpg","width":512,"height":494,"caption":"Logo Badabadoc Art marca"},{"@type":"BreadcrumbList","@id":"https:\/\/www.manualidadesbadabadocart.es\/blog\/sobre-nosotros-badabadoc-art-blog\/#breadcrumb","itemListElement":[{"@type":"ListItem","position":1,"name":"Portada","item":"https:\/\/www.manualidadesbadabadocart.es\/blog\/"},{"@type":"ListItem","position":2,"name":"Sobre Nosotros"}]},{"@type":"WebSite","@id":"https:\/\/www.manualidadesbadabadocart.es\/blog\/#website","url":"https:\/\/www.manualidadesbadabadocart.es\/blog\/","name":"Badabadoc Art Blog","description":"Manualidades y scrapbooking","publisher":{"@id":"https:\/\/www.manualidadesbadabadocart.es\/blog\/#organization"},"potentialAction":[{"@type":"SearchAction","target":{"@type":"EntryPoint","urlTemplate":"https:\/\/www.manualidadesbadabadocart.es\/blog\/?s={search_term_string}"},"query-input":{"@type":"PropertyValueSpecification","valueRequired":true,"valueName":"search_term_string"}}],"inLanguage":"es"},{"@type":"Organization","@id":"https:\/\/www.manualidadesbadabadocart.es\/blog\/#organization","name":"Badabadoc Art Blog","url":"https:\/\/www.manualidadesbadabadocart.es\/blog\/","logo":{"@type":"ImageObject","inLanguage":"es","@id":"https:\/\/www.manualidadesbadabadocart.es\/blog\/#\/schema\/logo\/image\/","url":"https:\/\/www.manualidadesbadabadocart.es\/blog\/wp-content\/uploads\/2021\/03\/cropped-cropped-logo-Badabadoc-Art-Oficial-MARCA.jpg","contentUrl":"https:\/\/www.manualidadesbadabadocart.es\/blog\/wp-content\/uploads\/2021\/03\/cropped-cropped-logo-Badabadoc-Art-Oficial-MARCA.jpg","width":512,"height":397,"caption":"Badabadoc Art Blog"},"image":{"@id":"https:\/\/www.manualidadesbadabadocart.es\/blog\/#\/schema\/logo\/image\/"},"sameAs":["https:\/\/www.facebook.com\/BadabadocArt","https:\/\/x.com\/badabadocart","https:\/\/www.instagram.com\/badabadocart","https:\/\/www.pinterest.es\/BadabadocArt","https:\/\/www.youtube.com\/channel\/UCgNX4oZLuPqjKs8xigWYdTQ"]}]}},"_links":{"self":[{"href":"https:\/\/www.manualidadesbadabadocart.es\/blog\/wp-json\/wp\/v2\/pages\/39","targetHints":{"allow":["GET"]}}],"collection":[{"href":"https:\/\/www.manualidadesbadabadocart.es\/blog\/wp-json\/wp\/v2\/pages"}],"about":[{"href":"https:\/\/www.manualidadesbadabadocart.es\/blog\/wp-json\/wp\/v2\/types\/page"}],"author":[{"embeddable":true,"href":"https:\/\/www.manualidadesbadabadocart.es\/blog\/wp-json\/wp\/v2\/users\/1"}],"replies":[{"embeddable":true,"href":"https:\/\/www.manualidadesbadabadocart.es\/blog\/wp-json\/wp\/v2\/comments?post=39"}],"version-history":[{"count":10,"href":"https:\/\/www.manualidadesbadabadocart.es\/blog\/wp-json\/wp\/v2\/pages\/39\/revisions"}],"predecessor-version":[{"id":1741,"href":"https:\/\/www.manualidadesbadabadocart.es\/blog\/wp-json\/wp\/v2\/pages\/39\/revisions\/1741"}],"wp:featuredmedia":[{"embeddable":true,"href":"https:\/\/www.manualidadesbadabadocart.es\/blog\/wp-json\/wp\/v2\/media\/45"}],"wp:attachment":[{"href":"https:\/\/www.manualidadesbadabadocart.es\/blog\/wp-json\/wp\/v2\/media?parent=39"}],"curies":[{"name":"wp","href":"https:\/\/api.w.org\/{rel}","templated":true}]}}